{"id":517,"date":"2024-10-30T20:04:46","date_gmt":"2024-10-30T20:04:46","guid":{"rendered":"https:\/\/rebelheritagemotors.hr\/?page_id=517"},"modified":"2025-04-28T15:49:04","modified_gmt":"2025-04-28T13:49:04","slug":"about-us","status":"publish","type":"page","link":"https:\/\/rebelheritagemotors.hr\/hr\/about-us\/","title":{"rendered":"O nama"},"content":{"rendered":"<div data-elementor-type=\"wp-page\" data-elementor-id=\"517\" class=\"elementor elementor-517\" data-elementor-post-type=\"page\">\n\t\t\t\t<div class=\"elementor-element elementor-element-c50b1b2 e-flex e-con-boxed e-con e-parent\" data-id=\"c50b1b2\" data-element_type=\"container\" data-settings=\"{&quot;background_background&quot;:&quot;classic&quot;}\">\n\t\t\t\t\t<div class=\"e-con-inner\">\n\t\t\t\t<div class=\"elementor-element elementor-element-4fd4745 elementor-widget__width-inherit elementor-invisible elementor-widget elementor-widget-heading\" data-id=\"4fd4745\" data-element_type=\"widget\" data-settings=\"{&quot;_animation&quot;:&quot;fadeIn&quot;}\" data-widget_type=\"heading.default\">\n\t\t\t\t<div class=\"elementor-widget-container\">\n\t\t\t\t\t<h2 class=\"elementor-heading-title elementor-size-default\">O NAMA<\/h2>\t\t\t\t<\/div>\n\t\t\t\t<\/div>\n\t\t\t\t\t<\/div>\n\t\t\t\t<\/div>\n\t\t\t\t<section class=\"elementor-section elementor-top-section elementor-element elementor-element-d1109d6 elementor-section-boxed elementor-section-height-default elementor-section-height-default\" data-id=\"d1109d6\" data-element_type=\"section\" data-settings=\"{&quot;background_background&quot;:&quot;classic&quot;}\">\n\t\t\t\t\t\t\t<div class=\"elementor-background-overlay\"><\/div>\n\t\t\t\t\t\t\t<div class=\"elementor-container elementor-column-gap-default\">\n\t\t\t\t\t<div class=\"elementor-column elementor-col-50 elementor-top-column elementor-element elementor-element-6de556a elementor-hidden-phone\" data-id=\"6de556a\" data-element_type=\"column\">\n\t\t\t<div class=\"elementor-widget-wrap\">\n\t\t\t\t\t\t\t<\/div>\n\t\t<\/div>\n\t\t\t\t<div class=\"elementor-column elementor-col-50 elementor-top-column elementor-element elementor-element-69cf9da elementor-invisible\" data-id=\"69cf9da\" data-element_type=\"column\" data-settings=\"{&quot;background_background&quot;:&quot;classic&quot;,&quot;animation&quot;:&quot;fadeInRight&quot;,&quot;animation_delay&quot;:600}\">\n\t\t\t<div class=\"elementor-widget-wrap elementor-element-populated\">\n\t\t\t\t\t<div class=\"elementor-background-overlay\"><\/div>\n\t\t\t\t\t\t<div class=\"elementor-element elementor-element-922f5b2 elementor-widget__width-initial elementor-widget elementor-widget-heading\" data-id=\"922f5b2\" data-element_type=\"widget\" data-widget_type=\"heading.default\">\n\t\t\t\t<div class=\"elementor-widget-container\">\n\t\t\t\t\t<h3 class=\"elementor-heading-title elementor-size-default\">Where heritage meets muscle<\/h3>\t\t\t\t<\/div>\n\t\t\t\t<\/div>\n\t\t\t\t\t<\/div>\n\t\t<\/div>\n\t\t\t\t\t<\/div>\n\t\t<\/section>\n\t\t\t\t<section class=\"elementor-section elementor-top-section elementor-element elementor-element-6b00cea3 elementor-section-boxed elementor-section-height-default elementor-section-height-default\" data-id=\"6b00cea3\" data-element_type=\"section\">\n\t\t\t\t\t\t\t<div class=\"elementor-background-overlay\"><\/div>\n\t\t\t\t\t\t\t<div class=\"elementor-container elementor-column-gap-no\">\n\t\t\t\t\t<div class=\"elementor-column elementor-col-100 elementor-top-column elementor-element elementor-element-14569a75\" data-id=\"14569a75\" data-element_type=\"column\">\n\t\t\t<div class=\"elementor-widget-wrap elementor-element-populated\">\n\t\t\t\t\t\t<div class=\"elementor-element elementor-element-5edf3a8 elementor-widget elementor-widget-heading\" data-id=\"5edf3a8\" data-element_type=\"widget\" data-widget_type=\"heading.default\">\n\t\t\t\t<div class=\"elementor-widget-container\">\n\t\t\t\t\t<h2 class=\"elementor-heading-title elementor-size-default\">O NAMA<\/h2>\t\t\t\t<\/div>\n\t\t\t\t<\/div>\n\t\t\t\t<div class=\"elementor-element elementor-element-22674dd2 elementor-widget-divider--view-line elementor-invisible elementor-widget elementor-widget-divider\" data-id=\"22674dd2\" data-element_type=\"widget\" data-settings=\"{&quot;_animation&quot;:&quot;fadeInLeft&quot;}\" data-widget_type=\"divider.default\">\n\t\t\t\t<div class=\"elementor-widget-container\">\n\t\t\t\t\t\t\t<div class=\"elementor-divider\">\n\t\t\t<span class=\"elementor-divider-separator\">\n\t\t\t\t\t\t<\/span>\n\t\t<\/div>\n\t\t\t\t\t\t<\/div>\n\t\t\t\t<\/div>\n\t\t\t\t<div class=\"elementor-element elementor-element-809aa06 elementor-widget elementor-widget-spacer\" data-id=\"809aa06\" data-element_type=\"widget\" data-widget_type=\"spacer.default\">\n\t\t\t\t<div class=\"elementor-widget-container\">\n\t\t\t\t\t\t\t<div class=\"elementor-spacer\">\n\t\t\t<div class=\"elementor-spacer-inner\"><\/div>\n\t\t<\/div>\n\t\t\t\t\t\t<\/div>\n\t\t\t\t<\/div>\n\t\t\t\t<div class=\"elementor-element elementor-element-512949df elementor-widget elementor-widget-text-editor\" data-id=\"512949df\" data-element_type=\"widget\" data-widget_type=\"text-editor.default\">\n\t\t\t\t<div class=\"elementor-widget-container\">\n\t\t\t\t\t\t\t\t\t<p style=\"text-align: center;\"><strong>Rebel Heritage Motors<\/strong> nastao je kao rezultat cjelo\u017eivotne ljubavi dvojice ro\u0111aka prema glasnim motorima, otvorenoj cesti i bezvremenskoj privla\u010dnosti mi\u0161i\u0107avih automobila (muscle cars) i motocikala. Po\u010delo je ne samo kao poslovni pothvat nego kao vizija koju su obojica dijelila. Od mladih dana obojica su osje\u0107ala neodoljivu privla\u010dnost ceste. Za njih je vo\u017enja automobilom i motociklom uvijek bila vi\u0161e od pukog prijevoza: to je bila sloboda, buntovni\u0161tvo i naslje\u0111e u jednom.<\/p>\n<p style=\"text-align: center;\">Pod utjecajem legendarnih pri\u010da i nesputanog duha klasi\u010dnih ameri\u010dkih filmova, bili su privu\u010deni snagom, stilom i slobodom koju muscle automobili i motocikli predstavljaju. Jedan je odrastao op\u010dinjen u\u017eitkom koji pru\u017eaju klasi\u010dna i posebno izra\u0111ena vozila, a drugi je svoju slobodu prona\u0161ao na motociklima, ganjaju\u0107i brzinu i avanturu.<\/p>\n<p style=\"text-align: center;\">Pokretani zajedni\u010dkom stra\u0161\u0107u, odlu\u010dili su to iskustvo donijeti i ostalima koji vjeruju da \u017eivot treba \u017eivjeti potpuno otvoreno, bez ograni\u010denja modernog dru\u0161tva.<\/p>\n<p style=\"text-align: center;\">S <strong>Rebel Heritage Motors<\/strong> zadali su si misiju vra\u0107anja snage u ruke ljudi, po\u0161tuju\u0107i naslje\u0111e klasi\u010dnih vozila stvaranjem zajednice onih koji \u017eive da voze, \"ja\u0161u\" i kreiraju svoje putove. Odlu\u010dili su tu istu slobodu pru\u017eiti onima koji \u017eive za uzbu\u0111enje koje pru\u017ea vo\u017enja. Sazdana na temeljima po\u0161tovanja automoto naslje\u0111a pro\u0161losti i strasti za prko\u0161enjem konvencijama, kompanija Rebel Heritage Motors \u017eeli vratiti snagu u ruke onih koji sanjaju \u017eivot bez ograni\u010denja.<\/p>\n<p style=\"text-align: center;\">Danas oni po\u0161tuju naslje\u0111e tih klasi\u010dnih strojeva dijele\u0107i ih sa zajednicom istih du\u0161a, predanih onima koji stvaraju svoje smjerove i putove.<\/p>\n<p style=\"text-align: center;\">Sa svakim automobilom i motociklom koji uvezu, u \u017eivot vra\u0107aju djeli\u0107 povijesti, nude\u0107i ne samo vozila nego i u\u017eitak, slobodu te nezaustavljivi duh koji su slijedili cijeli \u017eivot.<\/p>\n<p style=\"text-align: center;\"><strong>Rebel Heritage Motors<\/strong> nisu samo automobili i motocikli, to je na\u010din \u017eivota, slavljenje slobode i onih koji \u017eive potpuno otvoreno, bez granica.<\/p>\t\t\t\t\t\t\t\t<\/div>\n\t\t\t\t<\/div>\n\t\t\t\t\t<\/div>\n\t\t<\/div>\n\t\t\t\t\t<\/div>\n\t\t<\/section>\n\t\t\t\t<section class=\"elementor-section elementor-top-section elementor-element elementor-element-7be5b735 elementor-section-boxed elementor-section-height-default elementor-section-height-default\" data-id=\"7be5b735\" data-element_type=\"section\">\n\t\t\t\t\t\t\t<div class=\"elementor-background-overlay\"><\/div>\n\t\t\t\t\t\t\t<div class=\"elementor-container elementor-column-gap-no\">\n\t\t\t\t\t<div class=\"elementor-column elementor-col-100 elementor-top-column elementor-element elementor-element-28729030\" data-id=\"28729030\" data-element_type=\"column\">\n\t\t\t<div class=\"elementor-widget-wrap elementor-element-populated\">\n\t\t\t\t\t\t<section class=\"elementor-section elementor-inner-section elementor-element elementor-element-2b9d4b90 elementor-section-boxed elementor-section-height-default elementor-section-height-default\" data-id=\"2b9d4b90\" data-element_type=\"section\">\n\t\t\t\t\t\t<div class=\"elementor-container elementor-column-gap-default\">\n\t\t\t\t\t<div class=\"elementor-column elementor-col-50 elementor-inner-column elementor-element elementor-element-617e44e6 elementor-invisible\" data-id=\"617e44e6\" data-element_type=\"column\" data-settings=\"{&quot;animation&quot;:&quot;fadeInLeft&quot;,&quot;animation_delay&quot;:600}\">\n\t\t\t<div class=\"elementor-widget-wrap elementor-element-populated\">\n\t\t\t\t\t\t<div class=\"elementor-element elementor-element-4d94cf5e elementor-widget elementor-widget-spacer\" data-id=\"4d94cf5e\" data-element_type=\"widget\" data-widget_type=\"spacer.default\">\n\t\t\t\t<div class=\"elementor-widget-container\">\n\t\t\t\t\t\t\t<div class=\"elementor-spacer\">\n\t\t\t<div class=\"elementor-spacer-inner\"><\/div>\n\t\t<\/div>\n\t\t\t\t\t\t<\/div>\n\t\t\t\t<\/div>\n\t\t\t\t<div class=\"elementor-element elementor-element-25084fd3 elementor-widget elementor-widget-heading\" data-id=\"25084fd3\" data-element_type=\"widget\" data-widget_type=\"heading.default\">\n\t\t\t\t<div class=\"elementor-widget-container\">\n\t\t\t\t\t<h4 class=\"elementor-heading-title elementor-size-default\">MISIJA<\/h4>\t\t\t\t<\/div>\n\t\t\t\t<\/div>\n\t\t\t\t<div class=\"elementor-element elementor-element-1043f36f elementor-widget-divider--view-line elementor-widget elementor-widget-divider\" data-id=\"1043f36f\" data-element_type=\"widget\" data-widget_type=\"divider.default\">\n\t\t\t\t<div class=\"elementor-widget-container\">\n\t\t\t\t\t\t\t<div class=\"elementor-divider\">\n\t\t\t<span class=\"elementor-divider-separator\">\n\t\t\t\t\t\t<\/span>\n\t\t<\/div>\n\t\t\t\t\t\t<\/div>\n\t\t\t\t<\/div>\n\t\t\t\t<div class=\"elementor-element elementor-element-69be08f elementor-widget elementor-widget-text-editor\" data-id=\"69be08f\" data-element_type=\"widget\" data-widget_type=\"text-editor.default\">\n\t\t\t\t<div class=\"elementor-widget-container\">\n\t\t\t\t\t\t\t\t\t<p data-pm-slice=\"1 1 []\">Na\u0161a je misija o\u010duvati duh slobode, buntovni\u0161tva i neovisnosti bezvremenskom privla\u010dno\u0161\u0107u klasi\u010dnih automobila i motocikala. Rebel Heritage Motors posve\u0107en je zajednici strastvenih voza\u010da i \u201ejaha\u010da\u201c koji vjeruju u autenti\u010dno iskustvo otvorene ceste. Uvoze\u0107i, restauriraju\u0107i i dijele\u0107i legendarna vozila, vra\u0107amo snagu i slobodu u ruke onih koji nastoje \u017eivjeti bez granica, istodobno odaju\u0107i po\u010dast automoto naslje\u0111u i tradiciji.<\/p>\t\t\t\t\t\t\t\t<\/div>\n\t\t\t\t<\/div>\n\t\t\t\t\t<\/div>\n\t\t<\/div>\n\t\t\t\t<div class=\"elementor-column elementor-col-50 elementor-inner-column elementor-element elementor-element-3a62df61 elementor-invisible\" data-id=\"3a62df61\" data-element_type=\"column\" data-settings=\"{&quot;animation&quot;:&quot;fadeIn&quot;,&quot;animation_delay&quot;:300}\">\n\t\t\t<div class=\"elementor-widget-wrap elementor-element-populated\">\n\t\t\t\t\t\t<div class=\"elementor-element elementor-element-604403a elementor-widget elementor-widget-spacer\" data-id=\"604403a\" data-element_type=\"widget\" data-widget_type=\"spacer.default\">\n\t\t\t\t<div class=\"elementor-widget-container\">\n\t\t\t\t\t\t\t<div class=\"elementor-spacer\">\n\t\t\t<div class=\"elementor-spacer-inner\"><\/div>\n\t\t<\/div>\n\t\t\t\t\t\t<\/div>\n\t\t\t\t<\/div>\n\t\t\t\t<div class=\"elementor-element elementor-element-2a38421e elementor-widget elementor-widget-heading\" data-id=\"2a38421e\" data-element_type=\"widget\" data-widget_type=\"heading.default\">\n\t\t\t\t<div class=\"elementor-widget-container\">\n\t\t\t\t\t<h4 class=\"elementor-heading-title elementor-size-default\">VIZIJA<\/h4>\t\t\t\t<\/div>\n\t\t\t\t<\/div>\n\t\t\t\t<div class=\"elementor-element elementor-element-c1adf25 elementor-widget-divider--view-line elementor-widget elementor-widget-divider\" data-id=\"c1adf25\" data-element_type=\"widget\" data-widget_type=\"divider.default\">\n\t\t\t\t<div class=\"elementor-widget-container\">\n\t\t\t\t\t\t\t<div class=\"elementor-divider\">\n\t\t\t<span class=\"elementor-divider-separator\">\n\t\t\t\t\t\t<\/span>\n\t\t<\/div>\n\t\t\t\t\t\t<\/div>\n\t\t\t\t<\/div>\n\t\t\t\t<div class=\"elementor-element elementor-element-676b8b57 elementor-widget elementor-widget-text-editor\" data-id=\"676b8b57\" data-element_type=\"widget\" data-widget_type=\"text-editor.default\">\n\t\t\t\t<div class=\"elementor-widget-container\">\n\t\t\t\t\t\t\t\t\t<p data-pm-slice=\"1 1 []\">Vizija je Rebel Heritage Motorsa postati srce zajednice slobodnih du\u0161a ujedinjenih u strasti za legendarnim automobilima i motociklima koji utjelovljuju slobodu, avanturu i duh buntovni\u0161tva. Na\u0161 je cilj stvaranje svijeta koji po\u0161tuje i slavi automoto kulturu, ujedno pru\u017eaju\u0107i prostor onima koji se usude sanjati, voziti i \u017eivjeti po vlastitim pravilima. Na\u0161a je te\u017enja da budemo simbol slobodnoga \u017eivotnog stila u kojem se povijest spaja s nezaustavljivom \u017eeljom istra\u017eivanja novih putova i smjerova.<\/p>\t\t\t\t\t\t\t\t<\/div>\n\t\t\t\t<\/div>\n\t\t\t\t\t<\/div>\n\t\t<\/div>\n\t\t\t\t\t<\/div>\n\t\t<\/section>\n\t\t\t\t\t<\/div>\n\t\t<\/div>\n\t\t\t\t\t<\/div>\n\t\t<\/section>\n\t\t\t\t<\/div>","protected":false},"excerpt":{"rendered":"<p>About US Where heritage meets muscle about RHM Rebel Heritage Motors was born from the fire of two cousins united by a lifelong love for roaring engines, the open road, and the timeless appeal of muscle cars and motorcycles. It began as more than just a business\u2014it was a shared vision. Both of them felt [&hellip;]<\/p>\n","protected":false},"author":1,"featured_media":0,"parent":0,"menu_order":0,"comment_status":"closed","ping_status":"closed","template":"elementor_header_footer","meta":{"_acf_changed":false,"footnotes":""},"class_list":["post-517","page","type-page","status-publish","hentry"],"acf":[],"_links":{"self":[{"href":"https:\/\/rebelheritagemotors.hr\/hr\/wp-json\/wp\/v2\/pages\/517","targetHints":{"allow":["GET"]}}],"collection":[{"href":"https:\/\/rebelheritagemotors.hr\/hr\/wp-json\/wp\/v2\/pages"}],"about":[{"href":"https:\/\/rebelheritagemotors.hr\/hr\/wp-json\/wp\/v2\/types\/page"}],"author":[{"embeddable":true,"href":"https:\/\/rebelheritagemotors.hr\/hr\/wp-json\/wp\/v2\/users\/1"}],"replies":[{"embeddable":true,"href":"https:\/\/rebelheritagemotors.hr\/hr\/wp-json\/wp\/v2\/comments?post=517"}],"version-history":[{"count":172,"href":"https:\/\/rebelheritagemotors.hr\/hr\/wp-json\/wp\/v2\/pages\/517\/revisions"}],"predecessor-version":[{"id":2828,"href":"https:\/\/rebelheritagemotors.hr\/hr\/wp-json\/wp\/v2\/pages\/517\/revisions\/2828"}],"wp:attachment":[{"href":"https:\/\/rebelheritagemotors.hr\/hr\/wp-json\/wp\/v2\/media?parent=517"}],"curies":[{"name":"wp","href":"https:\/\/api.w.org\/{rel}","templated":true}]}}